{"id":1797,"date":"2011-07-14T19:45:29","date_gmt":"2011-07-14T23:45:29","guid":{"rendered":"http:\/\/localhost\/2014\/Dec\/diana.20972\/about\/"},"modified":"2016-07-04T16:15:26","modified_gmt":"2016-07-04T20:15:26","slug":"a-propos","status":"publish","type":"page","link":"https:\/\/alpha-tabco.com\/old\/a-propos\/","title":{"rendered":"\u00c0 propos"},"content":{"rendered":"<div class=\"row \">\n<div class=\"span4 \"><img fetchpriority=\"high\" decoding=\"async\" src=\"https:\/\/alpha-tabco.com\/old\/wp-content\/uploads\/apropos.jpg\" alt=\"apropos\" width=\"500\" height=\"333\" class=\"alignnone size-full wp-image-2781\" srcset=\"https:\/\/alpha-tabco.com\/old\/wp-content\/uploads\/apropos.jpg 500w, https:\/\/alpha-tabco.com\/old\/wp-content\/uploads\/apropos-300x200.jpg 300w\" sizes=\"(max-width: 500px) 100vw, 500px\" \/><br \/><\/div>\n<div class=\"span8 \"><h3>Fabricant et distributeur de mobilier scolaire<\/h3>\n<p>Alpha Tabco Inc. est une entreprise de la r\u00e9gion de la Mont\u00e9r\u00e9gie au Qu\u00e9bec, plus pr\u00e9cis\u00e9ment \u00e0 Farnham. Nous fabriquons du mobilier scolaire depuis 1992, notre grande exp\u00e9rience fait de nous des sp\u00e9cialistes dans le domaine. Nous avons, au cours des ans, d\u00e9velopp\u00e9 une gamme de produit efficace, abordable et de haute qualit\u00e9.<\/p>\n<p>Votre satisfaction c'est notre affaire !<br \/><\/div>\n<p><!--\n&#091;span4&#093;\n\n&#091;vr&#093;\n\n\n<h2>Voir nos produits<\/h2>\n\n\n&#091;dropcap&#093;1&#091;\/dropcap&#093;\n\n&#091;extra_wrap custom_class=\"extra-style\"&#093;\n\n\n<h5>Lorem ipsum dolor sit amet<\/h5>\n\n\nLorem ipsum dolor sit amet conc tetur adipiscing raesen vestibuum molstie lacuiirhsenean nonummy dreriauris. Phasellllus porta.\n\n&#091;\/extra_wrap&#093;\n\n&#091;clear&#093;\n\n&#091;dropcap&#093;2&#091;\/dropcap&#093;\n\n&#091;extra_wrap custom_class=\"extra-style\"&#093;\n\n\n<h5>Praesent vestibulum moles<\/h5>\n\n\nLorem ipsum dolor sit amet conc tetur adipiscing raesen vestibuum molstie lacuiirhsenean nonummy dreriauris. Phasellllus porta fusce suscipit variusium sociis.\n\n&#091;\/extra_wrap&#093;\n\n&#091;clear&#093;\n\n&#091;dropcap&#093;3&#091;\/dropcap&#093;\n\n&#091;extra_wrap custom_class=\"extra-style\"&#093;\n\n\n<h5>Vestibulum iaculis lacinia<\/h5>\n\n\nLorem ipsum dolor sit amet conc tetur adipiscing raesen vestibuum molstie lacuiirhsenean nonummy dreriauris. Phasellllus porta fusce suscipit variusium sociis.\n\n&#091;\/extra_wrap&#093;\n\n&#091;clear&#093;\n\n&#091;\/vr&#093;\n\n&#091;\/span4&#093;\n--><br \/>\n<\/div><!-- .row (end) -->\n","protected":false},"excerpt":{"rendered":"","protected":false},"author":4,"featured_media":0,"parent":0,"menu_order":1,"comment_status":"closed","ping_status":"closed","template":"page-fullwidth.php","meta":{"footnotes":""},"class_list":["post-1797","page","type-page","status-publish","hentry"],"aioseo_notices":[],"_links":{"self":[{"href":"https:\/\/alpha-tabco.com\/old\/wp-json\/wp\/v2\/pages\/1797","targetHints":{"allow":["GET"]}}],"collection":[{"href":"https:\/\/alpha-tabco.com\/old\/wp-json\/wp\/v2\/pages"}],"about":[{"href":"https:\/\/alpha-tabco.com\/old\/wp-json\/wp\/v2\/types\/page"}],"author":[{"embeddable":true,"href":"https:\/\/alpha-tabco.com\/old\/wp-json\/wp\/v2\/users\/4"}],"replies":[{"embeddable":true,"href":"https:\/\/alpha-tabco.com\/old\/wp-json\/wp\/v2\/comments?post=1797"}],"version-history":[{"count":18,"href":"https:\/\/alpha-tabco.com\/old\/wp-json\/wp\/v2\/pages\/1797\/revisions"}],"predecessor-version":[{"id":3050,"href":"https:\/\/alpha-tabco.com\/old\/wp-json\/wp\/v2\/pages\/1797\/revisions\/3050"}],"wp:attachment":[{"href":"https:\/\/alpha-tabco.com\/old\/wp-json\/wp\/v2\/media?parent=1797"}],"curies":[{"name":"wp","href":"https:\/\/api.w.org\/{rel}","templated":true}]}}